{"id":28640,"date":"2017-02-16T09:16:27","date_gmt":"2017-02-16T08:16:27","guid":{"rendered":"http:\/\/mxajfmgl.preview.infomaniak.website\/?page_id=38"},"modified":"2021-03-28T18:30:22","modified_gmt":"2021-03-28T16:30:22","slug":"services","status":"publish","type":"page","link":"https:\/\/eleana.online\/en\/services\/","title":{"rendered":"SERVICES"},"content":{"rendered":"[et_pb_section fb_built=&#8221;1&#8243; fullwidth=&#8221;on&#8221; admin_label=&#8221;Section&#8221; _builder_version=&#8221;3.22&#8243; custom_padding=&#8221;0px|0px|0px|0px&#8221; da_disable_devices=&#8221;off|off|off&#8221; transparent_background=&#8221;off&#8221; make_fullwidth=&#8221;off&#8221; use_custom_width=&#8221;off&#8221; width_unit=&#8221;off&#8221; custom_width_px=&#8221;1080px&#8221; custom_width_percent=&#8221;80%&#8221; da_is_popup=&#8221;off&#8221; da_exit_intent=&#8221;off&#8221; da_has_close=&#8221;on&#8221; da_alt_close=&#8221;off&#8221; da_dark_close=&#8221;off&#8221; da_not_modal=&#8221;on&#8221; da_is_singular=&#8221;off&#8221; da_with_loader=&#8221;off&#8221; da_has_shadow=&#8221;on&#8221;][et_pb_fullwidth_slider admin_label=&#8221;Curseur de d\u00e9filement plein \u00e9cran&#8221; _builder_version=&#8221;4.9.2&#8243; custom_padding=&#8221;|||&#8221; custom_padding_tablet=&#8221;|||&#8221; custom_padding_phone=&#8221;|||&#8221; hover_enabled=&#8221;0&#8243; remove_inner_shadow=&#8221;on&#8221; hide_content_on_mobile=&#8221;off&#8221; hide_cta_on_mobile=&#8221;off&#8221; show_inner_shadow=&#8221;off&#8221; button_letter_spacing_hover=&#8221;0&#8243; button_text_size__hover_enabled=&#8221;off&#8221; button_one_text_size__hover_enabled=&#8221;off&#8221; button_two_text_size__hover_enabled=&#8221;off&#8221; button_text_color__hover_enabled=&#8221;off&#8221; button_one_text_color__hover_enabled=&#8221;off&#8221; button_two_text_color__hover_enabled=&#8221;off&#8221; button_border_width__hover_enabled=&#8221;off&#8221; button_one_border_width__hover_enabled=&#8221;off&#8221; button_two_border_width__hover_enabled=&#8221;off&#8221; button_border_color__hover_enabled=&#8221;off&#8221; button_one_border_color__hover_enabled=&#8221;off&#8221; button_two_border_color__hover_enabled=&#8221;off&#8221; button_border_radius__hover_enabled=&#8221;off&#8221; button_one_border_radius__hover_enabled=&#8221;off&#8221; button_two_border_radius__hover_enabled=&#8221;off&#8221; button_letter_spacing__hover_enabled=&#8221;on&#8221; button_letter_spacing__hover=&#8221;0&#8243; button_one_letter_spacing__hover_enabled=&#8221;off&#8221; button_two_letter_spacing__hover_enabled=&#8221;off&#8221; button_bg_color__hover_enabled=&#8221;off&#8221; button_one_bg_color__hover_enabled=&#8221;off&#8221; button_two_bg_color__hover_enabled=&#8221;off&#8221; sticky_enabled=&#8221;0&#8243;][et_pb_slide heading=&#8221;Nos Services&#8221; use_bg_overlay=&#8221;on&#8221; bg_overlay_color=&#8221;rgba(0,0,0,0.5)&#8221; use_text_overlay=&#8221;off&#8221; _builder_version=&#8221;4.9.2&#8243; header_font=&#8221;||||&#8221; header_font_size=&#8221;85&#8243; body_font=&#8221;||||&#8221; body_line_height=&#8221;1.5em&#8221; background_color=&#8221;#000000&#8243; background_image=&#8221;https:\/\/eleana.online\/wp-content\/uploads\/2020\/04\/eln_services_01b.jpg&#8221; background_enable_image=&#8221;on&#8221; custom_button=&#8221;on&#8221; button_text_size=&#8221;16&#8243; button_text_color=&#8221;#ffffff&#8221; button_border_color=&#8221;#ffffff&#8221; button_font=&#8221;||||&#8221; button_use_icon=&#8221;off&#8221; hover_enabled=&#8221;0&#8243; header_font_size_tablet=&#8221;80px&#8221; header_font_size_phone=&#8221;50px&#8221; header_font_size_last_edited=&#8221;on|phone&#8221; body_font_size_tablet=&#8221;&#8221; body_font_size_phone=&#8221;&#8221; body_font_size_last_edited=&#8221;on|tablet&#8221; button_text_size_tablet=&#8221;16&#8243; button_text_size_phone=&#8221;16&#8243; button_text_color_hover=&#8221;#666666&#8243; button_bg_color_hover=&#8221;#ffffff&#8221; button_text_size__hover_enabled=&#8221;off&#8221; button_one_text_size__hover_enabled=&#8221;off&#8221; button_two_text_size__hover_enabled=&#8221;off&#8221; button_text_color__hover_enabled=&#8221;on&#8221; button_text_color__hover=&#8221;#666666&#8243; button_one_text_color__hover_enabled=&#8221;off&#8221; button_two_text_color__hover_enabled=&#8221;off&#8221; button_border_width__hover_enabled=&#8221;off&#8221; button_one_border_width__hover_enabled=&#8221;off&#8221; button_two_border_width__hover_enabled=&#8221;off&#8221; button_border_color__hover_enabled=&#8221;off&#8221; button_one_border_color__hover_enabled=&#8221;off&#8221; button_two_border_color__hover_enabled=&#8221;off&#8221; button_border_radius__hover_enabled=&#8221;off&#8221; button_one_border_radius__hover_enabled=&#8221;off&#8221; button_two_border_radius__hover_enabled=&#8221;off&#8221; button_letter_spacing__hover_enabled=&#8221;off&#8221; button_one_letter_spacing__hover_enabled=&#8221;off&#8221; button_two_letter_spacing__hover_enabled=&#8221;off&#8221; button_bg_color__hover_enabled=&#8221;on&#8221; button_bg_color__hover=&#8221;#ffffff&#8221; button_one_bg_color__hover_enabled=&#8221;off&#8221; button_two_bg_color__hover_enabled=&#8221;off&#8221; sticky_transition=&#8221;on&#8221; sticky_enabled=&#8221;0&#8243;]\n<h1 style=\"text-align: center;\"><\/h1>\n<p style=\"text-align: center;\">Depuis la Captation jusqu&#8217;\u00e0 l&#8217;\u00e9dition Papier, Objet ou Web.<\/p>\n[\/et_pb_slide][\/et_pb_fullwidth_slider][\/et_pb_section][et_pb_section fb_built=&#8221;1&#8243; admin_label=&#8221;section&#8221; _builder_version=&#8221;3.22&#8243; custom_padding=&#8221;0px|0px|0px|0px&#8221; da_disable_devices=&#8221;off|off|off&#8221; transparent_background=&#8221;off&#8221; make_fullwidth=&#8221;off&#8221; use_custom_width=&#8221;off&#8221; width_unit=&#8221;off&#8221; custom_width_px=&#8221;1080px&#8221; custom_width_percent=&#8221;80%&#8221; da_is_popup=&#8221;off&#8221; da_exit_intent=&#8221;off&#8221; da_has_close=&#8221;on&#8221; da_alt_close=&#8221;off&#8221; da_dark_close=&#8221;off&#8221; da_not_modal=&#8221;on&#8221; da_is_singular=&#8221;off&#8221; da_with_loader=&#8221;off&#8221; da_has_shadow=&#8221;on&#8221;][et_pb_row column_structure=&#8221;1_2,1_2&#8243; use_custom_gutter=&#8221;on&#8221; gutter_width=&#8221;1&#8243; admin_label=&#8221;row&#8221; module_class=&#8221; et_pb_row_fullwidth&#8221; _builder_version=&#8221;3.25&#8243; background_size=&#8221;initial&#8221; background_position=&#8221;top_left&#8221; background_repeat=&#8221;repeat&#8221; width=&#8221;100%&#8221; width_tablet=&#8221;100%&#8221; width_phone=&#8221;&#8221; width_last_edited=&#8221;on|desktop&#8221; max_width=&#8221;100%&#8221; max_width_tablet=&#8221;100%&#8221; max_width_phone=&#8221;&#8221; max_width_last_edited=&#8221;on|desktop&#8221; custom_padding=&#8221;0px|0px|0px|0px&#8221; make_fullwidth=&#8221;on&#8221; use_custom_width=&#8221;off&#8221; width_unit=&#8221;off&#8221; custom_width_px=&#8221;1080px&#8221; custom_width_percent=&#8221;80%&#8221;][et_pb_column type=&#8221;1_2&#8243; _builder_version=&#8221;3.25&#8243; custom_padding=&#8221;|||&#8221; custom_padding__hover=&#8221;|||&#8221;][et_pb_image src=&#8221;https:\/\/eleana.online\/wp-content\/uploads\/2020\/04\/eln_service-01_800x600.jpg&#8221; force_fullwidth=&#8221;on&#8221; align_tablet=&#8221;center&#8221; align_phone=&#8221;&#8221; align_last_edited=&#8221;on|desktop&#8221; admin_label=&#8221;Image&#8221; _builder_version=&#8221;4.4.3&#8243; animation_style=&#8221;slide&#8221; animation_direction=&#8221;left&#8221; animation_duration=&#8221;500ms&#8221; animation_intensity_slide=&#8221;10%&#8221; sticky=&#8221;off&#8221; use_border_color=&#8221;off&#8221; border_color=&#8221;#ffffff&#8221; border_width=&#8221;1px&#8221; border_style=&#8221;solid&#8221; always_center_on_mobile=&#8221;on&#8221;] [\/et_pb_image][\/et_pb_column][et_pb_column type=&#8221;1_2&#8243; _builder_version=&#8221;3.25&#8243; custom_padding=&#8221;|||&#8221; custom_padding__hover=&#8221;|||&#8221;][et_pb_text admin_label=&#8221;Texte&#8221; _builder_version=&#8221;4.4.6&#8243; text_line_height=&#8221;1.5em&#8221; background_size=&#8221;initial&#8221; background_position=&#8221;top_left&#8221; background_repeat=&#8221;repeat&#8221; custom_margin=&#8221;|||&#8221; custom_padding=&#8221;90px|130px|90px|130px&#8221; custom_padding_tablet=&#8221;90px|100px|90px|100px&#8221; custom_padding_phone=&#8221;90px|40px|90px|40px&#8221; custom_padding_last_edited=&#8221;on|phone&#8221; use_border_color=&#8221;off&#8221; border_style=&#8221;solid&#8221;]\n<h1><\/h1>\n<h1><img loading=\"lazy\" src=\"https:\/\/i0.wp.com\/eleana.online\/wp-content\/uploads\/2020\/04\/eln_camera-retro_Bk_512x448.png?resize=128%2C113&#038;ssl=1\" width=\"128\" height=\"113\" alt=\"\" class=\"wp-image-28964 alignnone size-full\" data-recalc-dims=\"1\" \/><\/h1>\n<p>&nbsp;<\/p>\n<h1 style=\"color:#e09900;\">CAPTURER les ELEMENTS<\/h1>\n<p>&nbsp;<\/p>\n<p>Sur le sol, en l&#8217;air, en sous-sol ou dans une bo\u00eete \u00e0 lumi\u00e8re,<br \/>\ndu panoramique au microscopique,<br \/>\nmais aussi les bruits, les sons, les voix&#8230;<br \/>\nnous sommes toujours partants pour capturer les \u00e9l\u00e9ments n\u00e9cessaires.[\/et_pb_text][\/et_pb_column][\/et_pb_row][et_pb_row column_structure=&#8221;1_2,1_2&#8243; use_custom_gutter=&#8221;on&#8221; gutter_width=&#8221;1&#8243; admin_label=&#8221;row&#8221; module_class=&#8221; et_pb_row_fullwidth&#8221; _builder_version=&#8221;3.25&#8243; background_size=&#8221;initial&#8221; background_position=&#8221;top_left&#8221; background_repeat=&#8221;repeat&#8221; width=&#8221;100%&#8221; width_tablet=&#8221;100%&#8221; width_phone=&#8221;&#8221; width_last_edited=&#8221;on|desktop&#8221; max_width=&#8221;100%&#8221; max_width_tablet=&#8221;100%&#8221; max_width_phone=&#8221;&#8221; max_width_last_edited=&#8221;on|desktop&#8221; custom_padding=&#8221;0px|0px|0px|0px&#8221; make_fullwidth=&#8221;on&#8221; use_custom_width=&#8221;off&#8221; width_unit=&#8221;off&#8221; custom_width_px=&#8221;1080px&#8221; custom_width_percent=&#8221;80%&#8221;][et_pb_column type=&#8221;1_2&#8243; _builder_version=&#8221;3.25&#8243; custom_padding=&#8221;|||&#8221; custom_padding__hover=&#8221;|||&#8221;][et_pb_text admin_label=&#8221;Texte&#8221; _builder_version=&#8221;4.4.6&#8243; text_line_height=&#8221;1.5em&#8221; background_size=&#8221;initial&#8221; background_position=&#8221;top_left&#8221; background_repeat=&#8221;repeat&#8221; custom_padding=&#8221;90px|130px|90px|130px&#8221; custom_padding_tablet=&#8221;0px|100px|90px|100px&#8221; custom_padding_phone=&#8221;0px|40px|90px|40px&#8221; custom_padding_last_edited=&#8221;on|phone&#8221; use_border_color=&#8221;off&#8221; border_style=&#8221;solid&#8221;]\n<h1><\/h1>\n<h1><img loading=\"lazy\" src=\"https:\/\/i0.wp.com\/eleana.online\/wp-content\/uploads\/2020\/04\/eln_edition_Gy_560x448.png?resize=128%2C102&#038;ssl=1\" width=\"128\" height=\"102\" alt=\"\" class=\"wp-image-28988 alignnone size-full\" data-recalc-dims=\"1\" \/><\/h1>\n<p>&nbsp;<\/p>\n<h1 style=\"color:#e09900;\">ENRICHIR les INFORMATIONS<\/h1>\n<p>&nbsp;<\/p>\n<p>Traiter, rechercher, illustrer avec tout types de documents,<br \/> les votres ou de notre cru, porteurs d\u2019informations pertinentes et li\u00e9es,<br \/> et propres \u00e0 compl\u00e9ter la petite ou la grande histoire qu&#8217;ensemble nous voulons raconter.<\/p>\n[\/et_pb_text][\/et_pb_column][et_pb_column type=&#8221;1_2&#8243; _builder_version=&#8221;3.25&#8243; custom_padding=&#8221;|||&#8221; custom_padding__hover=&#8221;|||&#8221;][et_pb_image src=&#8221;https:\/\/eleana.online\/wp-content\/uploads\/2020\/04\/eln_service-02a_02_800x600-1.jpg&#8221; align=&#8221;center&#8221; force_fullwidth=&#8221;on&#8221; align_tablet=&#8221;center&#8221; align_phone=&#8221;&#8221; align_last_edited=&#8221;on|desktop&#8221; admin_label=&#8221;Image&#8221; _builder_version=&#8221;4.4.3&#8243; animation_style=&#8221;slide&#8221; animation_direction=&#8221;right&#8221; animation_duration=&#8221;500ms&#8221; animation_intensity_slide=&#8221;10%&#8221; animation=&#8221;right&#8221; sticky=&#8221;off&#8221; use_border_color=&#8221;off&#8221; border_color=&#8221;#ffffff&#8221; border_width=&#8221;1px&#8221; border_style=&#8221;solid&#8221; always_center_on_mobile=&#8221;on&#8221;] [\/et_pb_image][\/et_pb_column][\/et_pb_row][et_pb_row column_structure=&#8221;1_2,1_2&#8243; use_custom_gutter=&#8221;on&#8221; gutter_width=&#8221;1&#8243; admin_label=&#8221;row&#8221; module_class=&#8221; et_pb_row_fullwidth&#8221; _builder_version=&#8221;3.25&#8243; background_size=&#8221;initial&#8221; background_position=&#8221;top_left&#8221; background_repeat=&#8221;repeat&#8221; width=&#8221;100%&#8221; width_tablet=&#8221;100%&#8221; width_phone=&#8221;&#8221; width_last_edited=&#8221;on|desktop&#8221; max_width=&#8221;100%&#8221; max_width_tablet=&#8221;100%&#8221; max_width_phone=&#8221;&#8221; max_width_last_edited=&#8221;on|desktop&#8221; custom_margin=&#8221;|||&#8221; custom_padding=&#8221;0px|0px|0px|0px&#8221; make_fullwidth=&#8221;on&#8221; use_custom_width=&#8221;off&#8221; width_unit=&#8221;off&#8221; custom_width_px=&#8221;1080px&#8221; custom_width_percent=&#8221;80%&#8221;][et_pb_column type=&#8221;1_2&#8243; _builder_version=&#8221;3.25&#8243; custom_padding=&#8221;0px     |                  | 0px |&#8221; custom_padding__hover=&#8221;|||&#8221;][et_pb_image src=&#8221;https:\/\/eleana.online\/wp-content\/uploads\/2020\/04\/eln_service-03_800x600.jpg&#8221; force_fullwidth=&#8221;on&#8221; align_tablet=&#8221;center&#8221; align_phone=&#8221;&#8221; align_last_edited=&#8221;on|desktop&#8221; admin_label=&#8221;Image&#8221; _builder_version=&#8221;4.4.3&#8243; animation_style=&#8221;slide&#8221; animation_direction=&#8221;left&#8221; animation_duration=&#8221;500ms&#8221; animation_intensity_slide=&#8221;10%&#8221; sticky=&#8221;off&#8221; use_border_color=&#8221;off&#8221; border_color=&#8221;#ffffff&#8221; border_width=&#8221;1px&#8221; border_style=&#8221;solid&#8221; always_center_on_mobile=&#8221;on&#8221;] [\/et_pb_image][\/et_pb_column][et_pb_column type=&#8221;1_2&#8243; _builder_version=&#8221;3.25&#8243; custom_padding=&#8221;      |        |    |&#8221; custom_padding_tablet=&#8221;&#8221; custom_padding_phone=&#8221;&#8221; custom_padding_last_edited=&#8221;on|desktop&#8221; padding_last_edited=&#8221;on|desktop&#8221; custom_padding__hover=&#8221;|||&#8221;][et_pb_text admin_label=&#8221;Texte&#8221; _builder_version=&#8221;4.4.6&#8243; text_line_height=&#8221;1.5em&#8221; background_size=&#8221;initial&#8221; background_position=&#8221;top_left&#8221; background_repeat=&#8221;repeat&#8221; custom_margin=&#8221;|||&#8221; custom_padding=&#8221;90px|130px|90px|130px&#8221; custom_padding_tablet=&#8221;90px|100px|90px|100px&#8221; custom_padding_phone=&#8221;90px|40px|90px|40px&#8221; custom_padding_last_edited=&#8221;on|tablet&#8221; use_border_color=&#8221;off&#8221; border_style=&#8221;solid&#8221;]\n<h1><\/h1>\n<h1><img loading=\"lazy\" src=\"https:\/\/i0.wp.com\/eleana.online\/wp-content\/uploads\/2020\/04\/eln_paper-plane-solid_Gy_448x448.png?resize=128%2C128&#038;ssl=1\" width=\"128\" height=\"128\" alt=\"\" class=\"wp-image-29048 alignnone size-full\" srcset=\"https:\/\/i0.wp.com\/eleana.online\/wp-content\/uploads\/2020\/04\/eln_paper-plane-solid_Gy_448x448.png?w=448&amp;ssl=1 448w, https:\/\/i0.wp.com\/eleana.online\/wp-content\/uploads\/2020\/04\/eln_paper-plane-solid_Gy_448x448.png?resize=300%2C300&amp;ssl=1 300w, https:\/\/i0.wp.com\/eleana.online\/wp-content\/uploads\/2020\/04\/eln_paper-plane-solid_Gy_448x448.png?resize=150%2C150&amp;ssl=1 150w\" sizes=\"(max-width: 128px) 100vw, 128px\" data-recalc-dims=\"1\" \/><\/h1>\n<p>&nbsp;<\/p>\n<h1 style=\"color:#e09900;\">PUBLIER l&#8217;HISTOIRE<\/h1>\n<p>&nbsp;<\/p>\n<p>Au travers d&#8217;une plaquette, d&#8217;un livre, d&#8217;un objet,<br \/>d&#8217;une base de donn\u00e9es ou d&#8217;une application de R\u00e9alit\u00e9 Virtuelle,<br \/> sur un stand \u00e9co-carton-responsable ou en ligne,<br \/> ce qui compte c&#8217;est la rencontre avec le public,<br \/>c&#8217;est l&#8217;histoire qu&#8217;on lui partage et le plaisir qu&#8217;il en garde.<\/p>\n[\/et_pb_text][\/et_pb_column][\/et_pb_row][\/et_pb_section]","protected":false},"excerpt":{"rendered":"<p>Depuis la Captation jusqu&#8217;\u00e0 l&#8217;\u00e9dition Papier, Objet ou Web. &nbsp; CAPTURER les ELEMENTS &nbsp; Sur le sol, en l&#8217;air, en sous-sol ou dans une bo\u00eete \u00e0 lumi\u00e8re, du panoramique au microscopique, mais aussi les bruits, les sons, les voix&#8230; nous sommes toujours partants pour capturer les \u00e9l\u00e9ments n\u00e9cessaires. &nbsp; ENRICHIR les INFORMATIONS &nbsp; Traiter, rechercher, [&hellip;]<\/p>","protected":false},"author":0,"featured_media":0,"parent":0,"menu_order":0,"comment_status":"closed","ping_status":"closed","template":"","meta":{"_et_pb_use_builder":"on","_et_pb_old_content":"","_et_gb_content_width":"","_lmt_disableupdate":"","_lmt_disable":""},"acf":[],"yoast_head":"<!-- This site is optimized with the Yoast SEO plugin v19.5.1 - https:\/\/yoast.com\/wordpress\/plugins\/seo\/ -->\n<title>SERVICES - Eleana Online<\/title>\n<meta name=\"robots\" content=\"index, follow, max-snippet:-1, max-image-preview:large, max-video-preview:-1\" \/>\n<link rel=\"canonical\" href=\"https:\/\/eleana.online\/en\/services\/\" \/>\n<meta property=\"og:locale\" content=\"en_GB\" \/>\n<meta property=\"og:type\" content=\"article\" \/>\n<meta property=\"og:title\" content=\"SERVICES - Eleana Online\" \/>\n<meta property=\"og:description\" content=\"Depuis la Captation jusqu&#039;\u00e0 l&#039;\u00e9dition Papier, Objet ou Web. &nbsp; CAPTURER les ELEMENTS &nbsp; Sur le sol, en l&#039;air, en sous-sol ou dans une bo\u00eete \u00e0 lumi\u00e8re, du panoramique au microscopique, mais aussi les bruits, les sons, les voix... nous sommes toujours partants pour capturer les \u00e9l\u00e9ments n\u00e9cessaires. &nbsp; ENRICHIR les INFORMATIONS &nbsp; Traiter, rechercher, [&hellip;]\" \/>\n<meta property=\"og:url\" content=\"https:\/\/eleana.online\/en\/services\/\" \/>\n<meta property=\"og:site_name\" content=\"Eleana Online\" \/>\n<meta property=\"article:publisher\" content=\"https:\/\/www.facebook.com\/eleana.denimes\" \/>\n<meta property=\"article:modified_time\" content=\"2021-03-28T16:30:22+00:00\" \/>\n<meta property=\"og:image\" content=\"https:\/\/eleana.online\/wp-content\/uploads\/2020\/04\/eln_camera-retro_Bk_512x448.png\" \/>\n<meta name=\"twitter:card\" content=\"summary_large_image\" \/>\n<meta name=\"twitter:label1\" content=\"Estimated reading time\" \/>\n\t<meta name=\"twitter:data1\" content=\"8 minutes\" \/>\n<script type=\"application\/ld+json\" class=\"yoast-schema-graph\">{\"@context\":\"https:\/\/schema.org\",\"@graph\":[{\"@type\":\"WebPage\",\"@id\":\"https:\/\/eleana.online\/services\/\",\"url\":\"https:\/\/eleana.online\/services\/\",\"name\":\"SERVICES - Eleana Online\",\"isPartOf\":{\"@id\":\"https:\/\/eleana.online\/#website\"},\"datePublished\":\"2017-02-16T08:16:27+00:00\",\"dateModified\":\"2021-03-28T16:30:22+00:00\",\"breadcrumb\":{\"@id\":\"https:\/\/eleana.online\/services\/#breadcrumb\"},\"inLanguage\":\"en-GB\",\"potentialAction\":[{\"@type\":\"ReadAction\",\"target\":[\"https:\/\/eleana.online\/services\/\"]}]},{\"@type\":\"BreadcrumbList\",\"@id\":\"https:\/\/eleana.online\/services\/#breadcrumb\",\"itemListElement\":[{\"@type\":\"ListItem\",\"position\":1,\"name\":\"Accueil\",\"item\":\"https:\/\/eleana.online\/\"},{\"@type\":\"ListItem\",\"position\":2,\"name\":\"SERVICES\"}]},{\"@type\":\"WebSite\",\"@id\":\"https:\/\/eleana.online\/#website\",\"url\":\"https:\/\/eleana.online\/\",\"name\":\"Eleana Online\",\"description\":\"Explorer, Etudier, Partager\",\"publisher\":{\"@id\":\"https:\/\/eleana.online\/#organization\"},\"potentialAction\":[{\"@type\":\"SearchAction\",\"target\":{\"@type\":\"EntryPoint\",\"urlTemplate\":\"https:\/\/eleana.online\/?s={search_term_string}\"},\"query-input\":\"required name=search_term_string\"}],\"inLanguage\":\"en-GB\"},{\"@type\":\"Organization\",\"@id\":\"https:\/\/eleana.online\/#organization\",\"name\":\"El\u00e9ana SASu\",\"url\":\"https:\/\/eleana.online\/\",\"sameAs\":[\"https:\/\/www.instagram.com\/eleana6930\/?hl=fr\",\"https:\/\/www.linkedin.com\/in\/jphdegletagne\/\",\"https:\/\/www.youtube.com\/channel\/UC34T7MJdN-AotpLzBi5R73A\",\"https:\/\/www.facebook.com\/eleana.denimes\"],\"logo\":{\"@type\":\"ImageObject\",\"inLanguage\":\"en-GB\",\"@id\":\"https:\/\/eleana.online\/#\/schema\/logo\/image\/\",\"url\":\"https:\/\/i1.wp.com\/eleana.online\/wp-content\/uploads\/2020\/04\/Logo_Eleana_Editions_x512.png?fit=512%2C512&ssl=1\",\"contentUrl\":\"https:\/\/i1.wp.com\/eleana.online\/wp-content\/uploads\/2020\/04\/Logo_Eleana_Editions_x512.png?fit=512%2C512&ssl=1\",\"width\":512,\"height\":512,\"caption\":\"El\u00e9ana SASu\"},\"image\":{\"@id\":\"https:\/\/eleana.online\/#\/schema\/logo\/image\/\"}}]}<\/script>\n<!-- \/ Yoast SEO plugin. -->","yoast_head_json":{"title":"SERVICES - Eleana Online","robots":{"index":"index","follow":"follow","max-snippet":"max-snippet:-1","max-image-preview":"max-image-preview:large","max-video-preview":"max-video-preview:-1"},"canonical":"https:\/\/eleana.online\/en\/services\/","og_locale":"en_GB","og_type":"article","og_title":"SERVICES - Eleana Online","og_description":"Depuis la Captation jusqu'\u00e0 l'\u00e9dition Papier, Objet ou Web. &nbsp; CAPTURER les ELEMENTS &nbsp; Sur le sol, en l'air, en sous-sol ou dans une bo\u00eete \u00e0 lumi\u00e8re, du panoramique au microscopique, mais aussi les bruits, les sons, les voix... nous sommes toujours partants pour capturer les \u00e9l\u00e9ments n\u00e9cessaires. &nbsp; ENRICHIR les INFORMATIONS &nbsp; Traiter, rechercher, [&hellip;]","og_url":"https:\/\/eleana.online\/en\/services\/","og_site_name":"Eleana Online","article_publisher":"https:\/\/www.facebook.com\/eleana.denimes","article_modified_time":"2021-03-28T16:30:22+00:00","og_image":[{"url":"https:\/\/eleana.online\/wp-content\/uploads\/2020\/04\/eln_camera-retro_Bk_512x448.png"}],"twitter_card":"summary_large_image","twitter_misc":{"Estimated reading time":"8 minutes"},"schema":{"@context":"https:\/\/schema.org","@graph":[{"@type":"WebPage","@id":"https:\/\/eleana.online\/services\/","url":"https:\/\/eleana.online\/services\/","name":"SERVICES - Eleana Online","isPartOf":{"@id":"https:\/\/eleana.online\/#website"},"datePublished":"2017-02-16T08:16:27+00:00","dateModified":"2021-03-28T16:30:22+00:00","breadcrumb":{"@id":"https:\/\/eleana.online\/services\/#breadcrumb"},"inLanguage":"en-GB","potentialAction":[{"@type":"ReadAction","target":["https:\/\/eleana.online\/services\/"]}]},{"@type":"BreadcrumbList","@id":"https:\/\/eleana.online\/services\/#breadcrumb","itemListElement":[{"@type":"ListItem","position":1,"name":"Accueil","item":"https:\/\/eleana.online\/"},{"@type":"ListItem","position":2,"name":"SERVICES"}]},{"@type":"WebSite","@id":"https:\/\/eleana.online\/#website","url":"https:\/\/eleana.online\/","name":"Eleana Online","description":"Explorer, Etudier, Partager","publisher":{"@id":"https:\/\/eleana.online\/#organization"},"potentialAction":[{"@type":"SearchAction","target":{"@type":"EntryPoint","urlTemplate":"https:\/\/eleana.online\/?s={search_term_string}"},"query-input":"required name=search_term_string"}],"inLanguage":"en-GB"},{"@type":"Organization","@id":"https:\/\/eleana.online\/#organization","name":"El\u00e9ana SASu","url":"https:\/\/eleana.online\/","sameAs":["https:\/\/www.instagram.com\/eleana6930\/?hl=fr","https:\/\/www.linkedin.com\/in\/jphdegletagne\/","https:\/\/www.youtube.com\/channel\/UC34T7MJdN-AotpLzBi5R73A","https:\/\/www.facebook.com\/eleana.denimes"],"logo":{"@type":"ImageObject","inLanguage":"en-GB","@id":"https:\/\/eleana.online\/#\/schema\/logo\/image\/","url":"https:\/\/i1.wp.com\/eleana.online\/wp-content\/uploads\/2020\/04\/Logo_Eleana_Editions_x512.png?fit=512%2C512&ssl=1","contentUrl":"https:\/\/i1.wp.com\/eleana.online\/wp-content\/uploads\/2020\/04\/Logo_Eleana_Editions_x512.png?fit=512%2C512&ssl=1","width":512,"height":512,"caption":"El\u00e9ana SASu"},"image":{"@id":"https:\/\/eleana.online\/#\/schema\/logo\/image\/"}}]}},"_links":{"self":[{"href":"https:\/\/eleana.online\/en\/wp-json\/wp\/v2\/pages\/28640"}],"collection":[{"href":"https:\/\/eleana.online\/en\/wp-json\/wp\/v2\/pages"}],"about":[{"href":"https:\/\/eleana.online\/en\/wp-json\/wp\/v2\/types\/page"}],"replies":[{"embeddable":true,"href":"https:\/\/eleana.online\/en\/wp-json\/wp\/v2\/comments?post=28640"}],"version-history":[{"count":1,"href":"https:\/\/eleana.online\/en\/wp-json\/wp\/v2\/pages\/28640\/revisions"}],"predecessor-version":[{"id":32616,"href":"https:\/\/eleana.online\/en\/wp-json\/wp\/v2\/pages\/28640\/revisions\/32616"}],"wp:attachment":[{"href":"https:\/\/eleana.online\/en\/wp-json\/wp\/v2\/media?parent=28640"}],"curies":[{"name":"wp","href":"https:\/\/api.w.org\/{rel}","templated":true}]}}